{"id":19,"date":"2026-03-02T13:49:50","date_gmt":"2026-03-02T13:49:50","guid":{"rendered":"https:\/\/institucional.webcriativa.pt\/?page_id=19"},"modified":"2026-03-05T21:24:41","modified_gmt":"2026-03-05T21:24:41","slug":"sobre-nos","status":"publish","type":"page","link":"https:\/\/institucional.webcriativa.pt\/index.php\/sobre-nos\/","title":{"rendered":"Sobre N\u00f3s"},"content":{"rendered":"\t\t<div data-elementor-type=\"wp-page\" data-elementor-id=\"19\" class=\"elementor elementor-19\">\n\t\t\t\t<div class=\"elementor-element elementor-element-90a8129 e-flex e-con-boxed wpr-particle-no wpr-jarallax-no wpr-parallax-no wpr-sticky-section-no e-con e-parent\" data-id=\"90a8129\" data-element_type=\"container\" data-e-type=\"container\" data-settings=\"{&quot;background_background&quot;:&quot;classic&quot;}\">\n\t\t\t\t\t<div class=\"e-con-inner\">\n\t\t\t\t<div class=\"elementor-element elementor-element-8221638 elementor-widget elementor-widget-heading\" data-id=\"8221638\" data-element_type=\"widget\" data-e-type=\"widget\" data-widget_type=\"heading.default\">\n\t\t\t\t\t<h2 class=\"elementor-heading-title elementor-size-default\">Sobre N\u00f3s<\/h2>\t\t\t\t<\/div>\n\t\t\t\t\t<\/div>\n\t\t\t\t<\/div>\n\t\t<div class=\"elementor-element elementor-element-ab8ce90 e-flex e-con-boxed wpr-particle-no wpr-jarallax-no wpr-parallax-no wpr-sticky-section-no e-con e-parent\" data-id=\"ab8ce90\" data-element_type=\"container\" data-e-type=\"container\">\n\t\t\t\t\t<div class=\"e-con-inner\">\n\t\t<div class=\"elementor-element elementor-element-57da96f e-con-full e-flex wpr-particle-no wpr-jarallax-no wpr-parallax-no wpr-sticky-section-no e-con e-child\" data-id=\"57da96f\" data-element_type=\"container\" data-e-type=\"container\">\n\t\t\t\t<div class=\"elementor-element elementor-element-13d6bed elementor-widget elementor-widget-heading\" data-id=\"13d6bed\" data-element_type=\"widget\" data-e-type=\"widget\" data-widget_type=\"heading.default\">\n\t\t\t\t\t<h2 class=\"elementor-heading-title elementor-size-default\">Conhe\u00e7a a Nexus Home<\/h2>\t\t\t\t<\/div>\n\t\t\t\t<div class=\"elementor-element elementor-element-8459e8e elementor-widget elementor-widget-heading\" data-id=\"8459e8e\" data-element_type=\"widget\" data-e-type=\"widget\" data-widget_type=\"heading.default\">\n\t\t\t\t\t<h2 class=\"elementor-heading-title elementor-size-default\">Escrit\u00f3rio de arquitetura em Lisboa<\/h2>\t\t\t\t<\/div>\n\t\t\t\t<div class=\"elementor-element elementor-element-2fcf9d0 elementor-widget elementor-widget-text-editor\" data-id=\"2fcf9d0\" data-element_type=\"widget\" data-e-type=\"widget\" data-widget_type=\"text-editor.default\">\n\t\t\t\t\t\t\t\t\t<p>Na Nexus Home, entendemos que sua casa \u00e9 muito mais do que um espa\u00e7o f\u00edsico. \u00c9 o lugar onde voc\u00ea vive seus melhores momentos, cria mem\u00f3rias e expressa sua personalidade.<\/p><p>Nossa miss\u00e3o \u00e9 construir la\u00e7os duradouros com nossos clientes, oferecendo um servi\u00e7o personalizado e transparente em todas as etapas do projeto. Acreditamos que a comunica\u00e7\u00e3o clara e a colabora\u00e7\u00e3o s\u00e3o fundamentais para alcan\u00e7ar resultados excepcionais.<\/p><p><strong>Nossos Valores:<\/strong><\/p><p><strong>Excel\u00eancia:<\/strong> Buscamos a perfei\u00e7\u00e3o em tudo o que fazemos.<br \/><strong>Personaliza\u00e7\u00e3o:<\/strong> Cada projeto \u00e9 \u00fanico e adaptado \u00e0s suas necessidades.<br \/><strong>Inova\u00e7\u00e3o:<\/strong> Estamos sempre atentos \u00e0s \u00faltimas tend\u00eancias e tecnologias.<br \/>Sustentabilidade: Integramos solu\u00e7\u00f5es eco-eficientes em nossos projetos.<\/p>\t\t\t\t\t\t\t\t<\/div>\n\t\t\t\t<div class=\"elementor-element elementor-element-330daa6 elementor-align-center elementor-widget elementor-widget-button\" data-id=\"330daa6\" data-element_type=\"widget\" data-e-type=\"widget\" data-widget_type=\"button.default\">\n\t\t\t\t\t\t\t\t\t\t<a class=\"elementor-button elementor-button-link elementor-size-sm elementor-animation-shrink\" href=\"https:\/\/institucional.webcriativa.pt\/index.php\/projetos\/\">\n\t\t\t\t\t\t<span class=\"elementor-button-content-wrapper\">\n\t\t\t\t\t\t<span class=\"elementor-button-icon\">\n\t\t\t\t<svg aria-hidden=\"true\" class=\"e-font-icon-svg e-fas-arrow-circle-right\" viewBox=\"0 0 512 512\" xmlns=\"http:\/\/www.w3.org\/2000\/svg\"><path d=\"M256 8c137 0 248 111 248 248S393 504 256 504 8 393 8 256 119 8 256 8zm-28.9 143.6l75.5 72.4H120c-13.3 0-24 10.7-24 24v16c0 13.3 10.7 24 24 24h182.6l-75.5 72.4c-9.7 9.3-9.9 24.8-.4 34.3l11 10.9c9.4 9.4 24.6 9.4 33.9 0L404.3 273c9.4-9.4 9.4-24.6 0-33.9L271.6 106.3c-9.4-9.4-24.6-9.4-33.9 0l-11 10.9c-9.5 9.6-9.3 25.1.4 34.4z\"><\/path><\/svg>\t\t\t<\/span>\n\t\t\t\t\t\t\t\t\t<span class=\"elementor-button-text\">Veja Alguns dos nossos Projectos<\/span>\n\t\t\t\t\t<\/span>\n\t\t\t\t\t<\/a>\n\t\t\t\t\t\t\t\t<\/div>\n\t\t\t\t<\/div>\n\t\t<div class=\"elementor-element elementor-element-9574dd0 e-con-full e-flex wpr-particle-no wpr-jarallax-no wpr-parallax-no wpr-sticky-section-no e-con e-child\" data-id=\"9574dd0\" data-element_type=\"container\" data-e-type=\"container\">\n\t\t\t\t<div class=\"elementor-element elementor-element-8c2a1f4 elementor-widget elementor-widget-image\" data-id=\"8c2a1f4\" data-element_type=\"widget\" data-e-type=\"widget\" data-widget_type=\"image.default\">\n\t\t\t\t\t\t\t\t\t\t\t\t\t\t\t<img fetchpriority=\"high\" decoding=\"async\" width=\"1125\" height=\"750\" src=\"https:\/\/institucional.webcriativa.pt\/wp-content\/uploads\/2026\/03\/download.gif\" class=\"attachment-full size-full wp-image-332\" alt=\"\" \/>\t\t\t\t\t\t\t\t\t\t\t\t\t\t\t<\/div>\n\t\t\t\t<\/div>\n\t\t\t\t\t<\/div>\n\t\t\t\t<\/div>\n\t\t<div class=\"elementor-element elementor-element-2b31423 e-grid e-con-boxed wpr-particle-no wpr-jarallax-no wpr-parallax-no wpr-sticky-section-no e-con e-parent\" data-id=\"2b31423\" data-element_type=\"container\" data-e-type=\"container\">\n\t\t\t\t\t<div class=\"e-con-inner\">\n\t\t\t\t<div class=\"elementor-element elementor-element-abed4aa elementor-widget elementor-widget-counter\" data-id=\"abed4aa\" data-element_type=\"widget\" data-e-type=\"widget\" data-widget_type=\"counter.default\">\n\t\t\t\t\t\t\t<div class=\"elementor-counter\">\n\t\t\t<div class=\"elementor-counter-title\">Clientes satisfeitos<\/div>\t\t\t<div class=\"elementor-counter-number-wrapper\">\n\t\t\t\t<span class=\"elementor-counter-number-prefix\">+<\/span>\n\t\t\t\t<span class=\"elementor-counter-number\" data-duration=\"2000\" data-to-value=\"300\" data-from-value=\"2\" data-delimiter=\",\">2<\/span>\n\t\t\t\t<span class=\"elementor-counter-number-suffix\"><\/span>\n\t\t\t<\/div>\n\t\t<\/div>\n\t\t\t\t\t\t<\/div>\n\t\t\t\t<div class=\"elementor-element elementor-element-f18b54d elementor-widget elementor-widget-counter\" data-id=\"f18b54d\" data-element_type=\"widget\" data-e-type=\"widget\" data-widget_type=\"counter.default\">\n\t\t\t\t\t\t\t<div class=\"elementor-counter\">\n\t\t\t<div class=\"elementor-counter-title\">Projetos realizados<\/div>\t\t\t<div class=\"elementor-counter-number-wrapper\">\n\t\t\t\t<span class=\"elementor-counter-number-prefix\">+<\/span>\n\t\t\t\t<span class=\"elementor-counter-number\" data-duration=\"2000\" data-to-value=\"500\" data-from-value=\"2\" data-delimiter=\",\">2<\/span>\n\t\t\t\t<span class=\"elementor-counter-number-suffix\"><\/span>\n\t\t\t<\/div>\n\t\t<\/div>\n\t\t\t\t\t\t<\/div>\n\t\t\t\t<div class=\"elementor-element elementor-element-bc6d8ed elementor-widget elementor-widget-counter\" data-id=\"bc6d8ed\" data-element_type=\"widget\" data-e-type=\"widget\" data-widget_type=\"counter.default\">\n\t\t\t\t\t\t\t<div class=\"elementor-counter\">\n\t\t\t<div class=\"elementor-counter-title\">Obras entregues<\/div>\t\t\t<div class=\"elementor-counter-number-wrapper\">\n\t\t\t\t<span class=\"elementor-counter-number-prefix\">+<\/span>\n\t\t\t\t<span class=\"elementor-counter-number\" data-duration=\"2000\" data-to-value=\"80\" data-from-value=\"2\" data-delimiter=\",\">2<\/span>\n\t\t\t\t<span class=\"elementor-counter-number-suffix\"><\/span>\n\t\t\t<\/div>\n\t\t<\/div>\n\t\t\t\t\t\t<\/div>\n\t\t\t\t\t<\/div>\n\t\t\t\t<\/div>\n\t\t<div class=\"elementor-element elementor-element-392a17c e-flex e-con-boxed wpr-particle-no wpr-jarallax-no wpr-parallax-no wpr-sticky-section-no e-con e-parent\" data-id=\"392a17c\" data-element_type=\"container\" data-e-type=\"container\" data-settings=\"{&quot;background_background&quot;:&quot;classic&quot;,&quot;shape_divider_top&quot;:&quot;curve&quot;,&quot;shape_divider_top_negative&quot;:&quot;yes&quot;}\">\n\t\t\t\t\t<div class=\"e-con-inner\">\n\t\t\t\t<div class=\"elementor-shape elementor-shape-top\" aria-hidden=\"true\" data-negative=\"true\">\n\t\t\t<svg xmlns=\"http:\/\/www.w3.org\/2000\/svg\" viewBox=\"0 0 1000 100\" preserveAspectRatio=\"none\">\n\t<path class=\"elementor-shape-fill\" d=\"M500,97C126.7,96.3,0.8,19.8,0,0v100l1000,0V1C1000,19.4,873.3,97.8,500,97z\"\/>\n<\/svg>\t\t<\/div>\n\t\t\t\t<div class=\"elementor-element elementor-element-dff053d elementor-widget elementor-widget-heading\" data-id=\"dff053d\" data-element_type=\"widget\" data-e-type=\"widget\" data-widget_type=\"heading.default\">\n\t\t\t\t\t<h2 class=\"elementor-heading-title elementor-size-default\">Conhe\u00e7a Nossa Equipa:<\/h2>\t\t\t\t<\/div>\n\t\t\t\t<div class=\"elementor-element elementor-element-adc7dc3 elementor-widget elementor-widget-heading\" data-id=\"adc7dc3\" data-element_type=\"widget\" data-e-type=\"widget\" data-widget_type=\"heading.default\">\n\t\t\t\t\t<h2 class=\"elementor-heading-title elementor-size-default\">Compromisso com a excel\u00eancia em tudo que fazemos.<\/h2>\t\t\t\t<\/div>\n\t\t<div class=\"elementor-element elementor-element-33b1f6d e-grid e-con-full wpr-particle-no wpr-jarallax-no wpr-parallax-no wpr-sticky-section-no e-con e-child\" data-id=\"33b1f6d\" data-element_type=\"container\" data-e-type=\"container\">\n\t\t\t\t<div class=\"elementor-element elementor-element-421f591 elementor-position-top elementor-widget elementor-widget-image-box\" data-id=\"421f591\" data-element_type=\"widget\" data-e-type=\"widget\" data-widget_type=\"image-box.default\">\n\t\t\t\t\t<div class=\"elementor-image-box-wrapper\"><figure class=\"elementor-image-box-img\"><img decoding=\"async\" src=\"https:\/\/institucional.webcriativa.pt\/wp-content\/uploads\/elementor\/thumbs\/equipe-5-rk2um22dq6dnahqyqor8xs8w51k8hrlbkgbhnsyaw0.png\" title=\"equipe (5)\" alt=\"equipe (5)\" loading=\"lazy\" \/><\/figure><div class=\"elementor-image-box-content\"><h3 class=\"elementor-image-box-title\">Juliana Junqueira<\/h3><p class=\"elementor-image-box-description\">Paisagista - Respons\u00e1vel pelo projeto de paisagismo, escolha de plantas, cria\u00e7\u00e3o de jardins e \u00e1reas verdes<\/p><\/div><\/div>\t\t\t\t<\/div>\n\t\t\t\t<div class=\"elementor-element elementor-element-d21d1bb elementor-position-top elementor-widget elementor-widget-image-box\" data-id=\"d21d1bb\" data-element_type=\"widget\" data-e-type=\"widget\" data-widget_type=\"image-box.default\">\n\t\t\t\t\t<div class=\"elementor-image-box-wrapper\"><figure class=\"elementor-image-box-img\"><img decoding=\"async\" src=\"https:\/\/institucional.webcriativa.pt\/wp-content\/uploads\/elementor\/thumbs\/equipe-1-rk2uqnhz50o41v2nwo9l4mi0ouwu4hu2v74y4i50gw.png\" title=\"equipe (1)\" alt=\"equipe (1)\" loading=\"lazy\" \/><\/figure><div class=\"elementor-image-box-content\"><h3 class=\"elementor-image-box-title\">Amilton Fernandes<\/h3><p class=\"elementor-image-box-description\">Arquiteto S\u00eanior - Respons\u00e1vel pela concep\u00e7\u00e3o geral do projeto, estudos preliminares e desenvolvimento dos projetos executivos.<\/p><\/div><\/div>\t\t\t\t<\/div>\n\t\t\t\t<div class=\"elementor-element elementor-element-795745f elementor-position-top elementor-widget elementor-widget-image-box\" data-id=\"795745f\" data-element_type=\"widget\" data-e-type=\"widget\" data-widget_type=\"image-box.default\">\n\t\t\t\t\t<div class=\"elementor-image-box-wrapper\"><figure class=\"elementor-image-box-img\"><img decoding=\"async\" src=\"https:\/\/institucional.webcriativa.pt\/wp-content\/uploads\/elementor\/thumbs\/equipe-2-rk2urcvm9jmurc1ssh8ihy3gq9fqwbmtyor22z3dsw.png\" title=\"equipe (2)\" alt=\"equipe (2)\" loading=\"lazy\" \/><\/figure><div class=\"elementor-image-box-content\"><h3 class=\"elementor-image-box-title\">Jos\u00e9 Carlos<\/h3><p class=\"elementor-image-box-description\">Coordenador de Projeto - Respons\u00e1vel pela gest\u00e3o geral do projeto, comunica\u00e7\u00e3o com o cliente e coordena\u00e7\u00e3o da equipe.<\/p><\/div><\/div>\t\t\t\t<\/div>\n\t\t\t\t<div class=\"elementor-element elementor-element-4907df9 elementor-position-top elementor-widget elementor-widget-image-box\" data-id=\"4907df9\" data-element_type=\"widget\" data-e-type=\"widget\" data-widget_type=\"image-box.default\">\n\t\t\t\t\t<div class=\"elementor-image-box-wrapper\"><figure class=\"elementor-image-box-img\"><img decoding=\"async\" src=\"https:\/\/institucional.webcriativa.pt\/wp-content\/uploads\/elementor\/thumbs\/equipe-3-rk2us373kwmvsezkism2frgdd1u0vujbeb0niq0cyo.png\" title=\"equipe (3)\" alt=\"equipe (3)\" loading=\"lazy\" \/><\/figure><div class=\"elementor-image-box-content\"><h3 class=\"elementor-image-box-title\">Fernanda Batista<\/h3><p class=\"elementor-image-box-description\">Designer de Ilumina\u00e7\u00e3o - Especializada em projetos de ilumina\u00e7\u00e3o, criando ambientes com atmosfera e funcionalidade.<\/p><\/div><\/div>\t\t\t\t<\/div>\n\t\t\t\t<div class=\"elementor-element elementor-element-d499cf3 elementor-position-top elementor-widget elementor-widget-image-box\" data-id=\"d499cf3\" data-element_type=\"widget\" data-e-type=\"widget\" data-widget_type=\"image-box.default\">\n\t\t\t\t\t<div class=\"elementor-image-box-wrapper\"><figure class=\"elementor-image-box-img\"><img decoding=\"async\" src=\"https:\/\/institucional.webcriativa.pt\/wp-content\/uploads\/elementor\/thumbs\/equipe-4-rk2uspr84xhrj22sv2d43lrfmaqu0l0vheob1d2wtc.png\" title=\"equipe (4)\" alt=\"equipe (4)\" loading=\"lazy\" \/><\/figure><div class=\"elementor-image-box-content\"><h3 class=\"elementor-image-box-title\">Ant\u00f3nio Rodrigues<\/h3><p class=\"elementor-image-box-description\">Engenheiro Civil - Respons\u00e1vel pelos c\u00e1lculos estruturais, acompanhamento da obra e gest\u00e3o t\u00e9cnica.<\/p><\/div><\/div>\t\t\t\t<\/div>\n\t\t\t\t<div class=\"elementor-element elementor-element-434f5e1 elementor-position-top elementor-widget elementor-widget-image-box\" data-id=\"434f5e1\" data-element_type=\"widget\" data-e-type=\"widget\" data-widget_type=\"image-box.default\">\n\t\t\t\t\t<div class=\"elementor-image-box-wrapper\"><figure class=\"elementor-image-box-img\"><img decoding=\"async\" src=\"https:\/\/institucional.webcriativa.pt\/wp-content\/uploads\/elementor\/thumbs\/equipe-6-rk2utf4v9ggi8j1xqvc1gxcvnp9qsetmkwaezu1a5c.png\" title=\"equipe (6)\" alt=\"equipe (6)\" loading=\"lazy\" \/><\/figure><div class=\"elementor-image-box-content\"><h3 class=\"elementor-image-box-title\">Amanda Ribeiro<\/h3><p class=\"elementor-image-box-description\">Arquiteta de Interiores - Especializada em design de espa\u00e7os internos, escolha de materiais, mobili\u00e1rio e acabamentos.<\/p><\/div><\/div>\t\t\t\t<\/div>\n\t\t\t\t<\/div>\n\t\t\t\t<div class=\"elementor-element elementor-element-23c96cd elementor-align-center elementor-widget elementor-widget-button\" data-id=\"23c96cd\" data-element_type=\"widget\" data-e-type=\"widget\" data-widget_type=\"button.default\">\n\t\t\t\t\t\t\t\t\t\t<a class=\"elementor-button elementor-button-link elementor-size-sm elementor-animation-shrink\" href=\"#\">\n\t\t\t\t\t\t<span class=\"elementor-button-content-wrapper\">\n\t\t\t\t\t\t<span class=\"elementor-button-icon\">\n\t\t\t\t<svg aria-hidden=\"true\" class=\"e-font-icon-svg e-fab-whatsapp\" viewBox=\"0 0 448 512\" xmlns=\"http:\/\/www.w3.org\/2000\/svg\"><path d=\"M380.9 97.1C339 55.1 283.2 32 223.9 32c-122.4 0-222 99.6-222 222 0 39.1 10.2 77.3 29.6 111L0 480l117.7-30.9c32.4 17.7 68.9 27 106.1 27h.1c122.3 0 224.1-99.6 224.1-222 0-59.3-25.2-115-67.1-157zm-157 341.6c-33.2 0-65.7-8.9-94-25.7l-6.7-4-69.8 18.3L72 359.2l-4.4-7c-18.5-29.4-28.2-63.3-28.2-98.2 0-101.7 82.8-184.5 184.6-184.5 49.3 0 95.6 19.2 130.4 54.1 34.8 34.9 56.2 81.2 56.1 130.5 0 101.8-84.9 184.6-186.6 184.6zm101.2-138.2c-5.5-2.8-32.8-16.2-37.9-18-5.1-1.9-8.8-2.8-12.5 2.8-3.7 5.6-14.3 18-17.6 21.8-3.2 3.7-6.5 4.2-12 1.4-32.6-16.3-54-29.1-75.5-66-5.7-9.8 5.7-9.1 16.3-30.3 1.8-3.7.9-6.9-.5-9.7-1.4-2.8-12.5-30.1-17.1-41.2-4.5-10.8-9.1-9.3-12.5-9.5-3.2-.2-6.9-.2-10.6-.2-3.7 0-9.7 1.4-14.8 6.9-5.1 5.6-19.4 19-19.4 46.3 0 27.3 19.9 53.7 22.6 57.4 2.8 3.7 39.1 59.7 94.8 83.8 35.2 15.2 49 16.5 66.6 13.9 10.7-1.6 32.8-13.4 37.4-26.4 4.6-13 4.6-24.1 3.2-26.4-1.3-2.5-5-3.9-10.5-6.6z\"><\/path><\/svg>\t\t\t<\/span>\n\t\t\t\t\t\t\t\t\t<span class=\"elementor-button-text\">Pedir Or\u00e7amento<\/span>\n\t\t\t\t\t<\/span>\n\t\t\t\t\t<\/a>\n\t\t\t\t\t\t\t\t<\/div>\n\t\t\t\t\t<\/div>\n\t\t\t\t<\/div>\n\t\t\t\t<\/div>\n\t\t","protected":false},"excerpt":{"rendered":"<p>Sobre N\u00f3s Conhe\u00e7a a Nexus Home Escrit\u00f3rio de arquitetura em Lisboa Na Nexus Home, entendemos que sua casa \u00e9 muito mais do que um espa\u00e7o f\u00edsico. \u00c9 o lugar onde voc\u00ea vive seus melhores momentos, cria mem\u00f3rias e expressa sua personalidade. Nossa miss\u00e3o \u00e9 construir la\u00e7os duradouros com nossos clientes, oferecendo um servi\u00e7o personalizado e transparente em todas as etapas do projeto. Acreditamos que a comunica\u00e7\u00e3o clara e a colabora\u00e7\u00e3o s\u00e3o fundamentais para alcan\u00e7ar resultados excepcionais. Nossos Valores: Excel\u00eancia: Buscamos a perfei\u00e7\u00e3o em tudo o que fazemos.Personaliza\u00e7\u00e3o: Cada projeto \u00e9 \u00fanico e adaptado \u00e0s suas necessidades.Inova\u00e7\u00e3o: Estamos sempre atentos \u00e0s \u00faltimas tend\u00eancias e tecnologias.Sustentabilidade: Integramos solu\u00e7\u00f5es eco-eficientes em nossos projetos. Veja Alguns dos nossos Projectos Clientes satisfeitos + 2 Projetos realizados + 2 Obras entregues + 2 Conhe\u00e7a Nossa Equipa: Compromisso com a excel\u00eancia em tudo que fazemos. Juliana Junqueira Paisagista &#8211; Respons\u00e1vel pelo projeto de paisagismo, escolha de plantas, cria\u00e7\u00e3o de jardins e \u00e1reas verdes Amilton Fernandes Arquiteto S\u00eanior &#8211; Respons\u00e1vel pela concep\u00e7\u00e3o geral do projeto, estudos preliminares e desenvolvimento dos projetos executivos. Jos\u00e9 Carlos Coordenador de Projeto &#8211; Respons\u00e1vel pela gest\u00e3o geral do projeto, comunica\u00e7\u00e3o com o cliente e coordena\u00e7\u00e3o da equipe. Fernanda Batista Designer de Ilumina\u00e7\u00e3o &#8211; Especializada em projetos de ilumina\u00e7\u00e3o, criando ambientes com atmosfera e funcionalidade. Ant\u00f3nio Rodrigues Engenheiro Civil &#8211; Respons\u00e1vel pelos c\u00e1lculos estruturais, acompanhamento da obra e gest\u00e3o t\u00e9cnica. Amanda Ribeiro Arquiteta de Interiores &#8211; Especializada em design de espa\u00e7os internos, escolha de materiais, mobili\u00e1rio e acabamentos. Pedir Or\u00e7amento<\/p>\n","protected":false},"author":1,"featured_media":0,"parent":0,"menu_order":0,"comment_status":"closed","ping_status":"closed","template":"elementor_header_footer","meta":{"footnotes":""},"class_list":["post-19","page","type-page","status-publish","hentry"],"_links":{"self":[{"href":"https:\/\/institucional.webcriativa.pt\/index.php\/wp-json\/wp\/v2\/pages\/19","targetHints":{"allow":["GET"]}}],"collection":[{"href":"https:\/\/institucional.webcriativa.pt\/index.php\/wp-json\/wp\/v2\/pages"}],"about":[{"href":"https:\/\/institucional.webcriativa.pt\/index.php\/wp-json\/wp\/v2\/types\/page"}],"author":[{"embeddable":true,"href":"https:\/\/institucional.webcriativa.pt\/index.php\/wp-json\/wp\/v2\/users\/1"}],"replies":[{"embeddable":true,"href":"https:\/\/institucional.webcriativa.pt\/index.php\/wp-json\/wp\/v2\/comments?post=19"}],"version-history":[{"count":40,"href":"https:\/\/institucional.webcriativa.pt\/index.php\/wp-json\/wp\/v2\/pages\/19\/revisions"}],"predecessor-version":[{"id":492,"href":"https:\/\/institucional.webcriativa.pt\/index.php\/wp-json\/wp\/v2\/pages\/19\/revisions\/492"}],"wp:attachment":[{"href":"https:\/\/institucional.webcriativa.pt\/index.php\/wp-json\/wp\/v2\/media?parent=19"}],"curies":[{"name":"wp","href":"https:\/\/api.w.org\/{rel}","templated":true}]}}